{"id":33408,"date":"2017-12-14T15:49:09","date_gmt":"2017-12-14T14:49:09","guid":{"rendered":"https:\/\/test.chaletmontriond.ch\/winteraktivitaeten\/"},"modified":"2024-05-16T16:11:39","modified_gmt":"2024-05-16T14:11:39","slug":"winteraktivitaeten","status":"publish","type":"page","link":"https:\/\/dev.refugelechaudron-champery.ch\/de\/aktivitaeten\/winteraktivitaeten\/","title":{"rendered":"Winteraktivit\u00e4ten"},"content":{"rendered":"<div class=\"wpb-content-wrapper\"><p>[vc_row][vc_column]<div class=\"thim-widget-heading template-default\"><div class=\"thim-sc-heading\" >\n\t\t<div class=\"article_heading \">\n\t\t\t\n\t\t\t<p class=\"heading_primary\"  >Aktivit\u00e4ten im Winter<\/p>\n\t\t\t\n\t\t\t\n\t\t<\/div>\n\t<\/div><\/div>[vc_empty_space height=&#8221;Domaine Skiable&#8221;][vc_empty_space height=&#8221;Domaine Skiable&#8221;][vc_column_text]<strong>Die Portes du Soleil<\/strong><\/p>\n<p class=\"hometext\">Das Gebiet der Portes du Soleil verbindet die Schweiz und Frankreich mit mehr als 12 Skigebieten. Im Winter gibt es in den Portes du Soleil nicht weniger als 286 Pisten, davon 32 schwarze, 101 rote, 119 blaue und 34 gr\u00fcne. Das sind auch 196 Skilifte!<\/p>\n<p class=\"hometext\">Ob Sie Anf\u00e4nger oder Fortgeschrittener sind, das Gebiet bietet jedem die M\u00f6glichkeit, die Freuden des Schnees zu genie\u00dfen!<\/p>\n<p><strong>Champ\u00e9ry<\/strong><\/p>\n<p>Dieses typische Dorf bietet Ihnen eine Vielzahl von Aktivit\u00e4ten wie Curling, eine Eislaufbahn, ein beheiztes Schwimmbad, Langlaufloipen, Schneeschuhwanderungen und sogar ein Trap Game![\/vc_column_text][\/vc_column][\/vc_row][vc_row][vc_column width=&#8221;1\/3&#8243;][vc_hoverbox image=&#8221;32964&#8243; primary_title=&#8221;&#8221; hover_title=&#8221;&#8221; hover_btn_title=&#8221;Weitere Informationen&#8221; hover_btn_color=&#8221;info&#8221; hover_add_button=&#8221;true&#8221; hover_btn_link=&#8221;url:http%3A%2F%2Fwww.portesdusoleil.com|target:%20_blank|&#8221;]<\/p>\n<h3><strong><span style=\"color: #000080;\">SKI<\/span><\/strong><\/h3>\n<p>[\/vc_hoverbox][\/vc_column][vc_column width=&#8221;1\/3&#8243;][vc_hoverbox image=&#8221;32968&#8243; primary_title=&#8221;&#8221; hover_title=&#8221;&#8221; hover_btn_title=&#8221;Weitere Informationen&#8221; hover_btn_color=&#8221;info&#8221; hover_add_button=&#8221;true&#8221; hover_btn_link=&#8221;url:http%3A%2F%2Fwww.portesdusoleil.com%2Factivites%2Fhiver%2Ftoutes-les-glisses%2Fespaces-debutants.html|target:%20_blank|&#8221;]<\/p>\n<h3><span style=\"color: #333399;\">KINDER<\/span><\/h3>\n<p>[\/vc_hoverbox][\/vc_column][vc_column width=&#8221;1\/3&#8243;][vc_hoverbox image=&#8221;32971&#8243; primary_title=&#8221;&#8221; hover_title=&#8221;&#8221; hover_btn_title=&#8221;Weitere Informationen&#8221; hover_btn_color=&#8221;info&#8221; hover_add_button=&#8221;true&#8221; hover_btn_link=&#8221;url:http%3A%2F%2Fwww.portesdusoleil.com%2Factivites%2Fhiver%2Fpatinage-curling.html|target:%20_blank|&#8221;]<\/p>\n<h3><span style=\"color: #333399;\">EISLAUFBAHN<\/span><\/h3>\n<p>[\/vc_hoverbox][\/vc_column][\/vc_row][vc_row][vc_column width=&#8221;1\/3&#8243;][vc_empty_space height=&#8221;Domaine Skiable&#8221;][\/vc_column][vc_column width=&#8221;1\/3&#8243;][vc_empty_space][\/vc_column][\/vc_row][vc_row][vc_column width=&#8221;1\/3&#8243;][vc_empty_space][vc_hoverbox image=&#8221;33402&#8243; primary_title=&#8221;&#8221; hover_title=&#8221;&#8221; hover_btn_title=&#8221;Weitere Informationen&#8221; hover_btn_color=&#8221;info&#8221; hover_add_button=&#8221;true&#8221; hover_btn_link=&#8221;url:http%3A%2F%2Fwww.portesdusoleil.com%2Factivites%2Fhiver%2Fchiens-de-traineaux.html|target:%20_blank|&#8221;]<\/p>\n<h3><span style=\"color: #333399;\">SCHLITTENHUNDE<\/span><\/h3>\n<p>[\/vc_hoverbox][\/vc_column][vc_column width=&#8221;1\/3&#8243;][vc_empty_space][vc_hoverbox image=&#8221;32974&#8243; primary_title=&#8221;&#8221; hover_title=&#8221;&#8221; hover_btn_title=&#8221;Weitere Informationen&#8221; hover_btn_color=&#8221;info&#8221; hover_add_button=&#8221;true&#8221; hover_btn_link=&#8221;url:https%3A%2F%2Fwww.villars-diablerets.ch%2Ffr%2FZ8818%2Fski-de-randonnee|target:%20_blank|&#8221;]<\/p>\n<h3><span style=\"color: #333399;\">SKITOUREN<\/span><\/h3>\n<p>[\/vc_hoverbox][\/vc_column][vc_column width=&#8221;1\/3&#8243;][vc_empty_space][\/vc_column][vc_column][\/vc_column][\/vc_row]<\/p>\n<\/div>","protected":false},"excerpt":{"rendered":"<p>[vc_row][vc_column][vc_empty_space height=&#8221;Domaine Skiable&#8221;][vc_empty_space height=&#8221;Domaine Skiable&#8221;][vc_column_text]Die Portes du Soleil Das Gebiet der Portes du Soleil verbindet die Schweiz und Frankreich mit mehr als 12 Skigebieten. Im Winter gibt es in den Portes du Soleil nicht weniger als 286 Pisten, davon 32 schwarze, 101 rote, 119 blaue und 34 gr\u00fcne. Das sind&#8230;<\/p>\n","protected":false},"author":1,"featured_media":0,"parent":33435,"menu_order":0,"comment_status":"closed","ping_status":"closed","template":"","meta":{"footnotes":""},"class_list":["post-33408","page","type-page","status-publish","hentry"],"_links":{"self":[{"href":"https:\/\/dev.refugelechaudron-champery.ch\/de\/wp-json\/wp\/v2\/pages\/33408","targetHints":{"allow":["GET"]}}],"collection":[{"href":"https:\/\/dev.refugelechaudron-champery.ch\/de\/wp-json\/wp\/v2\/pages"}],"about":[{"href":"https:\/\/dev.refugelechaudron-champery.ch\/de\/wp-json\/wp\/v2\/types\/page"}],"author":[{"embeddable":true,"href":"https:\/\/dev.refugelechaudron-champery.ch\/de\/wp-json\/wp\/v2\/users\/1"}],"replies":[{"embeddable":true,"href":"https:\/\/dev.refugelechaudron-champery.ch\/de\/wp-json\/wp\/v2\/comments?post=33408"}],"version-history":[{"count":7,"href":"https:\/\/dev.refugelechaudron-champery.ch\/de\/wp-json\/wp\/v2\/pages\/33408\/revisions"}],"predecessor-version":[{"id":33678,"href":"https:\/\/dev.refugelechaudron-champery.ch\/de\/wp-json\/wp\/v2\/pages\/33408\/revisions\/33678"}],"up":[{"embeddable":true,"href":"https:\/\/dev.refugelechaudron-champery.ch\/de\/wp-json\/wp\/v2\/pages\/33435"}],"wp:attachment":[{"href":"https:\/\/dev.refugelechaudron-champery.ch\/de\/wp-json\/wp\/v2\/media?parent=33408"}],"curies":[{"name":"wp","href":"https:\/\/api.w.org\/{rel}","templated":true}]}}