{"id":33639,"date":"2024-05-16T15:14:27","date_gmt":"2024-05-16T13:14:27","guid":{"rendered":"https:\/\/chaletmontriond.ch\/restaurant-und-bar\/"},"modified":"2024-12-21T22:16:33","modified_gmt":"2024-12-21T21:16:33","slug":"restaurant-und-bar","status":"publish","type":"page","link":"https:\/\/dev.refugelechaudron-champery.ch\/de\/restaurant-und-bar\/","title":{"rendered":"Restaurant und Bar"},"content":{"rendered":"<div class=\"wpb-content-wrapper\"><p>[vc_row][vc_column]<div class=\"thim-widget-heading template-default\"><div class=\"thim-sc-heading\" >\n\t\t<div class=\"article_heading \">\n\t\t\t\n\t\t\t<p class=\"heading_primary\"  >Unser Restaurant<\/p>\n\t\t\t\n\t\t\t\n\t\t<\/div>\n\t<\/div><\/div>[\/vc_column][\/vc_row][vc_row][vc_column width=&#8221;1\/2&#8243;][vc_gallery type=&#8221;flexslider_slide&#8221; interval=&#8221;3&#8243; images=&#8221;34884&#8243; img_size=&#8221;full&#8221; css=&#8221;&#8221;][\/vc_column][vc_column width=&#8221;1\/2&#8243;][vc_column_text css=&#8221;.vc_custom_1734807661302{margin-top: 32px !important;}&#8221;]Erleben Sie die Authentizit\u00e4t unserer traditionellen K\u00fcche und aufregenden Bergerlebnisse.<\/p>\n<p>Jeder Moment weckt Ihre Sinne f\u00fcr eine unvergessliche Flucht, bei der kulinarische Leidenschaft und Adrenalin von den Gipfeln verschmelzen. Bereiten Sie sich auf unvergessliche Momente in unserer Bergoase vor, in der Sie sich weit weg von zu Hause wie zu Hause f\u00fchlen werden.<\/p>\n<p>Nehmen Sie auf unserer Sonnenterrasse Platz, wo Sie einen angenehmen Moment mit atemberaubendem Panorama genie\u00dfen k\u00f6nnen.<\/p>\n<p>Unser K\u00fcchenchef bietet Ihnen von 12 bis 18 Uhr seine sorgf\u00e4ltig ausgew\u00e4hlten Restaurantempfehlungen an, die die K\u00f6stlichkeiten der Bergwiesen mit den Freuden der Brasserie verbinden. Wir verwenden \u00fcberwiegend lokale Produkte, um Ihnen ein authentisches und hochwertiges kulinarisches Erlebnis zu bieten.[\/vc_column_text][vc_empty_space][\/vc_column][\/vc_row][vc_row][vc_column]<div class=\"thim-widget-heading template-default\"><div class=\"thim-sc-heading\" >\n\t\t<div class=\"article_heading \">\n\t\t\t\n\t\t\t<p class=\"heading_primary\"  >Unsere Bar und Sonnenterrasse<\/p>\n\t\t\t\n\t\t\t\n\t\t<\/div>\n\t<\/div><\/div>[\/vc_column][\/vc_row][vc_row][vc_column width=&#8221;1\/2&#8243;][vc_column_text css=&#8221;.vc_custom_1734807722370{margin-top: 32px !important;}&#8221;]Genie\u00dfen Sie t\u00e4glich von 12 bis 18 Uhr eine Vielzahl alkoholischer und alkoholfreier Getr\u00e4nke in unserer Bar. Unsere pers\u00f6nliche Empfehlung: Bestellen Sie ein Glas oder eine Flasche Wein und genie\u00dfen Sie es auf der Terrasse mit Panoramablick.[\/vc_column_text][vc_empty_space][\/vc_column][vc_column width=&#8221;1\/2&#8243;][vc_gallery type=&#8221;flexslider_slide&#8221; interval=&#8221;3&#8243; images=&#8221;34829&#8243; img_size=&#8221;full&#8221; css=&#8221;&#8221;][\/vc_column][\/vc_row][vc_row][vc_column][\/vc_column][\/vc_row][vc_row][vc_column width=&#8221;1\/2&#8243;][\/vc_column][vc_column width=&#8221;1\/2&#8243;][\/vc_column][\/vc_row][vc_row][vc_column][\/vc_column][\/vc_row]<\/p>\n<\/div>","protected":false},"excerpt":{"rendered":"<p>[vc_row][vc_column][\/vc_column][\/vc_row][vc_row][vc_column width=&#8221;1\/2&#8243;][vc_gallery type=&#8221;flexslider_slide&#8221; interval=&#8221;3&#8243; images=&#8221;34884&#8243; img_size=&#8221;full&#8221; css=&#8221;&#8221;][\/vc_column][vc_column width=&#8221;1\/2&#8243;][vc_column_text css=&#8221;.vc_custom_1734807661302{margin-top: 32px !important;}&#8221;]Erleben Sie die Authentizit\u00e4t unserer traditionellen K\u00fcche und aufregenden Bergerlebnisse. Jeder Moment weckt Ihre Sinne f\u00fcr eine unvergessliche Flucht, bei der kulinarische Leidenschaft und Adrenalin von den Gipfeln verschmelzen. Bereiten Sie sich auf unvergessliche Momente in unserer Bergoase vor, in&#8230;<\/p>\n","protected":false},"author":1,"featured_media":0,"parent":0,"menu_order":0,"comment_status":"closed","ping_status":"closed","template":"","meta":{"footnotes":""},"class_list":["post-33639","page","type-page","status-publish","hentry"],"_links":{"self":[{"href":"https:\/\/dev.refugelechaudron-champery.ch\/de\/wp-json\/wp\/v2\/pages\/33639","targetHints":{"allow":["GET"]}}],"collection":[{"href":"https:\/\/dev.refugelechaudron-champery.ch\/de\/wp-json\/wp\/v2\/pages"}],"about":[{"href":"https:\/\/dev.refugelechaudron-champery.ch\/de\/wp-json\/wp\/v2\/types\/page"}],"author":[{"embeddable":true,"href":"https:\/\/dev.refugelechaudron-champery.ch\/de\/wp-json\/wp\/v2\/users\/1"}],"replies":[{"embeddable":true,"href":"https:\/\/dev.refugelechaudron-champery.ch\/de\/wp-json\/wp\/v2\/comments?post=33639"}],"version-history":[{"count":9,"href":"https:\/\/dev.refugelechaudron-champery.ch\/de\/wp-json\/wp\/v2\/pages\/33639\/revisions"}],"predecessor-version":[{"id":34887,"href":"https:\/\/dev.refugelechaudron-champery.ch\/de\/wp-json\/wp\/v2\/pages\/33639\/revisions\/34887"}],"wp:attachment":[{"href":"https:\/\/dev.refugelechaudron-champery.ch\/de\/wp-json\/wp\/v2\/media?parent=33639"}],"curies":[{"name":"wp","href":"https:\/\/api.w.org\/{rel}","templated":true}]}}