{"id":33994,"date":"2017-12-08T10:21:16","date_gmt":"2017-12-08T09:21:16","guid":{"rendered":"https:\/\/chaletmontriond.ch\/aktivitaeten\/sommeraktivitaeten\/"},"modified":"2024-05-21T14:06:14","modified_gmt":"2024-05-21T12:06:14","slug":"sommeraktivitaeten","status":"publish","type":"page","link":"https:\/\/dev.refugelechaudron-champery.ch\/de\/aktivitaeten\/sommeraktivitaeten\/","title":{"rendered":"Sommeraktivit\u00e4ten"},"content":{"rendered":"<div class=\"wpb-content-wrapper\"><p>[vc_row][vc_column]<div class=\"thim-widget-heading template-default\"><div class=\"thim-sc-heading\" >\n\t\t<div class=\"article_heading \">\n\t\t\t\n\t\t\t<p class=\"heading_primary\"  >ACTIVITES D'ETE<\/p>\n\t\t\t\n\t\t\t\n\t\t<\/div>\n\t<\/div><\/div>[vc_column_text css=&#8221;&#8221;]<strong>Der Multi-Pass:<\/strong><\/p>\n<p>Mit dem Multi-Pass k\u00f6nnen Sie alle 75 Sommeraktivit\u00e4ten der Region kostenlos und viele weitere mit attraktiven Erm\u00e4\u00dfigungen genie\u00dfen![\/vc_column_text][vc_video link=&#8221;https:\/\/youtu.be\/-UjMlzUTVOk&#8221; align=&#8221;center&#8221; css=&#8221;&#8221;][\/vc_column][\/vc_row][vc_row][vc_column][vc_empty_space][vc_btn title=&#8221;Laden Sie den Leitfaden herunter&#8221; align=&#8221;center&#8221; css=&#8221;&#8221; link=&#8221;url:https%3A%2F%2Fwww.portesdusoleil.com%2Fapp%2Fuploads%2Flesportesdusoleil%2F2024%2F05%2FPDS_Guide_Multipass_2024_A6_FR_WEB.pdf|target:_blank|&#8221;][vc_empty_space][\/vc_column][\/vc_row][vc_row][vc_column width=&#8221;1\/3&#8243;][vc_hoverbox image=&#8221;32781&#8243; primary_title=&#8221;&#8221; hover_title=&#8221;&#8221; hover_btn_title=&#8221;Weitere Informationen&#8221; hover_btn_color=&#8221;info&#8221; hover_add_button=&#8221;true&#8221; hover_btn_link=&#8221;url:https%3A%2F%2Fwww.regiondentsdumidi.ch%2Ffr%2Faccrobranche-du-dahu-fp363|target:%20_blank|&#8221;]<\/p>\n<h3><span style=\"color: #333399;\">ACCROBRANCHE<\/span><\/h3>\n<p>[\/vc_hoverbox][\/vc_column][vc_column width=&#8221;1\/3&#8243;][vc_hoverbox image=&#8221;32921&#8243; primary_title=&#8221;&#8221; hover_title=&#8221;&#8221; hover_btn_title=&#8221;Weitere Informationen&#8221; hover_btn_color=&#8221;info&#8221; hover_add_button=&#8221;true&#8221; hover_btn_link=&#8221;url:https%3A%2F%2Fwww.regiondentsdumidi.ch%2Ffr%2Ftennis-exterieur-champery-fp55|target:%20_blank|&#8221;]<\/p>\n<h3><span style=\"color: #333399;\">TENNISPLATZ IM FREIEN<\/span><\/h3>\n<p>[\/vc_hoverbox][\/vc_column][vc_column width=&#8221;1\/3&#8243;][vc_hoverbox image=&#8221;32925&#8243; primary_title=&#8221;&#8221; hover_title=&#8221;&#8221; hover_btn_title=&#8221;Weitere Informationen&#8221; hover_btn_color=&#8221;info&#8221; hover_add_button=&#8221;true&#8221; hover_btn_link=&#8221;url:https%3A%2F%2Fwww.regiondentsdumidi.ch%2Ffr%2Ftrottinette-de-descente-fp80|target:%20_blank|&#8221;]<\/p>\n<h3><span style=\"color: #333399;\">ABFAHRT MIT DEM ROLLER<\/span><\/h3>\n<p>[\/vc_hoverbox][\/vc_column][\/vc_row][vc_row][vc_column][vc_empty_space][\/vc_column][\/vc_row][vc_row][vc_column width=&#8221;1\/3&#8243;][vc_hoverbox image=&#8221;32928&#8243; primary_title=&#8221;&#8221; hover_title=&#8221;&#8221; hover_btn_title=&#8221;Weitere Informationen&#8221; hover_btn_color=&#8221;info&#8221; hover_add_button=&#8221;true&#8221; hover_btn_link=&#8221;url:https%3A%2F%2Fwww.regiondentsdumidi.ch%2Ffr%2Fvisite-des-vieux-moulins-de-la-tine-fp481|target:%20_blank|&#8221;]<\/p>\n<h3><span style=\"color: #333399;\">MOULIN DE LA TINE<\/span><\/h3>\n<p>[\/vc_hoverbox][\/vc_column][vc_column width=&#8221;1\/3&#8243;][vc_hoverbox image=&#8221;32932&#8243; primary_title=&#8221;&#8221; hover_title=&#8221;&#8221; hover_btn_title=&#8221;Weitere Informationen&#8221; hover_btn_color=&#8221;info&#8221; hover_add_button=&#8221;true&#8221; hover_btn_link=&#8221;url:https%3A%2F%2Fwww.regiondentsdumidi.ch%2Ffr%2Fminigolf-morgins-fp498|target:%20_blank|&#8221;]<\/p>\n<h3><span style=\"color: #333399;\">MINI GOLF<\/span><\/h3>\n<p>[\/vc_hoverbox][\/vc_column][vc_column width=&#8221;1\/3&#8243;][vc_hoverbox image=&#8221;32935&#8243; primary_title=&#8221;&#8221; hover_title=&#8221;&#8221; hover_btn_title=&#8221;Weitere Informationen&#8221; hover_btn_color=&#8221;info&#8221; hover_add_button=&#8221;true&#8221; hover_btn_link=&#8221;url:https%3A%2F%2Fwww.regiondentsdumidi.ch%2Ffr%2Fvol-biplace-en-parapente-fp77|target:%20_blank|&#8221;]<\/p>\n<h3><span style=\"color: #333399;\">PARAPENTE<\/span><\/h3>\n<p>[\/vc_hoverbox][\/vc_column][\/vc_row][vc_row][vc_column][vc_empty_space][\/vc_column][\/vc_row][vc_row][vc_column width=&#8221;1\/3&#8243;][vc_hoverbox image=&#8221;32938&#8243; primary_title=&#8221;&#8221; hover_title=&#8221;&#8221; hover_btn_title=&#8221;Weitere Informationen&#8221; hover_btn_color=&#8221;info&#8221; hover_add_button=&#8221;true&#8221; hover_btn_link=&#8221;url:https%3A%2F%2Fwww.regiondentsdumidi.ch%2Ffr%2Fpetit-train-des-dents-du-midi-fp1331|target:%20_blank|&#8221;]<\/p>\n<h3><span style=\"color: #333399;\">KLEINER ZUG CHAMPERY<\/span><\/h3>\n<p>[\/vc_hoverbox][\/vc_column][vc_column width=&#8221;1\/3&#8243;][vc_hoverbox image=&#8221;32953&#8243; primary_title=&#8221;&#8221; hover_title=&#8221;&#8221; hover_btn_title=&#8221;Weitere Informationen&#8221; hover_btn_color=&#8221;info&#8221; hover_add_button=&#8221;true&#8221; hover_btn_link=&#8221;url:https%3A%2F%2Fwww.regiondentsdumidi.ch%2Ffr%2Fvia-ferrata-de-tiere-fp81|target:%20_blank|&#8221;]<\/p>\n<h3><strong><span style=\"color: #333399;\">VIA FERRATA<\/span><\/strong><\/h3>\n<p>[\/vc_hoverbox][\/vc_column][vc_column width=&#8221;1\/3&#8243;][vc_hoverbox image=&#8221;32957&#8243; primary_title=&#8221;&#8221; hover_title=&#8221;&#8221; hover_btn_title=&#8221;Weitere Informationen&#8221; hover_btn_color=&#8221;info&#8221; hover_add_button=&#8221;true&#8221; hover_btn_link=&#8221;url:https%3A%2F%2Fwww.regiondentsdumidi.ch%2Ffr%2Ftelesiege-crosets-mossettes-fp194|target:%20_blank|&#8221;]<\/p>\n<h3><span style=\"color: #333399;\">LES CROSETS-TELESIEGE<\/span><\/h3>\n<p>[\/vc_hoverbox][\/vc_column][\/vc_row][vc_row][vc_column][vc_empty_space][\/vc_column][\/vc_row][vc_row][vc_column width=&#8221;1\/3&#8243;][vc_hoverbox image=&#8221;32941&#8243; primary_title=&#8221;&#8221; hover_title=&#8221;&#8221; hover_btn_title=&#8221;Weitere Informationen&#8221; hover_btn_color=&#8221;info&#8221; hover_add_button=&#8221;true&#8221; hover_btn_link=&#8221;url:http%3A%2F%2Fsplashyourmountain.com%2F|target:%20_blank|&#8221;]<\/p>\n<h3><span style=\"color: #333399;\">SPLASH YOUR MOUTAIN<\/span><\/h3>\n<p>[\/vc_hoverbox][\/vc_column][vc_column width=&#8221;1\/3&#8243;][vc_hoverbox image=&#8221;32944&#8243; primary_title=&#8221;&#8221; hover_title=&#8221;&#8221; hover_btn_title=&#8221;Weitere Informationen&#8221; hover_btn_color=&#8221;info&#8221; hover_add_button=&#8221;true&#8221; hover_btn_link=&#8221;url:http%3A%2F%2Fwww.rsequipement.ch%2F|target:%20_blank|&#8221;]<\/p>\n<h3><strong><span style=\"color: #333399;\">FAHRRADVERLEIH<\/span><\/strong><\/h3>\n<p>[\/vc_hoverbox][\/vc_column][vc_column width=&#8221;1\/3&#8243;][vc_hoverbox image=&#8221;32947&#8243; primary_title=&#8221;&#8221; hover_title=&#8221;&#8221; hover_btn_title=&#8221;Weitere Informationen&#8221; hover_btn_color=&#8221;info&#8221; hover_add_button=&#8221;true&#8221; hover_btn_link=&#8221;url:https%3A%2F%2Fwww.regiondentsdumidi.ch%2Ffr%2Factivite%2Fete%2Fequitation-ete-lm|target:%20_blank|&#8221;]<\/p>\n<h3><span style=\"color: #333399;\">REITEN<\/span><\/h3>\n<p>[\/vc_hoverbox][\/vc_column][\/vc_row][vc_row][vc_column][vc_empty_space][\/vc_column][\/vc_row]<\/p>\n<\/div>","protected":false},"excerpt":{"rendered":"<p>[vc_row][vc_column][vc_column_text css=&#8221;&#8221;]Der Multi-Pass: Mit dem Multi-Pass k\u00f6nnen Sie alle 75 Sommeraktivit\u00e4ten der Region kostenlos und viele weitere mit attraktiven Erm\u00e4\u00dfigungen genie\u00dfen![\/vc_column_text][vc_video link=&#8221;https:\/\/youtu.be\/-UjMlzUTVOk&#8221; align=&#8221;center&#8221; css=&#8221;&#8221;][\/vc_column][\/vc_row][vc_row][vc_column][vc_empty_space][vc_btn title=&#8221;Laden Sie den Leitfaden herunter&#8221; align=&#8221;center&#8221; css=&#8221;&#8221; link=&#8221;url:https%3A%2F%2Fwww.portesdusoleil.com%2Fapp%2Fuploads%2Flesportesdusoleil%2F2024%2F05%2FPDS_Guide_Multipass_2024_A6_FR_WEB.pdf|target:_blank|&#8221;][vc_empty_space][\/vc_column][\/vc_row][vc_row][vc_column width=&#8221;1\/3&#8243;][vc_hoverbox image=&#8221;32781&#8243; primary_title=&#8221;&#8221; hover_title=&#8221;&#8221; hover_btn_title=&#8221;Weitere Informationen&#8221; hover_btn_color=&#8221;info&#8221; hover_add_button=&#8221;true&#8221; hover_btn_link=&#8221;url:https%3A%2F%2Fwww.regiondentsdumidi.ch%2Ffr%2Faccrobranche-du-dahu-fp363|target:%20_blank|&#8221;] ACCROBRANCHE [\/vc_hoverbox][\/vc_column][vc_column width=&#8221;1\/3&#8243;][vc_hoverbox image=&#8221;32921&#8243; primary_title=&#8221;&#8221; hover_title=&#8221;&#8221; hover_btn_title=&#8221;Weitere Informationen&#8221; hover_btn_color=&#8221;info&#8221;&#8230;<\/p>\n","protected":false},"author":1,"featured_media":0,"parent":33435,"menu_order":0,"comment_status":"closed","ping_status":"closed","template":"","meta":{"footnotes":""},"class_list":["post-33994","page","type-page","status-publish","hentry"],"_links":{"self":[{"href":"https:\/\/dev.refugelechaudron-champery.ch\/de\/wp-json\/wp\/v2\/pages\/33994","targetHints":{"allow":["GET"]}}],"collection":[{"href":"https:\/\/dev.refugelechaudron-champery.ch\/de\/wp-json\/wp\/v2\/pages"}],"about":[{"href":"https:\/\/dev.refugelechaudron-champery.ch\/de\/wp-json\/wp\/v2\/types\/page"}],"author":[{"embeddable":true,"href":"https:\/\/dev.refugelechaudron-champery.ch\/de\/wp-json\/wp\/v2\/users\/1"}],"replies":[{"embeddable":true,"href":"https:\/\/dev.refugelechaudron-champery.ch\/de\/wp-json\/wp\/v2\/comments?post=33994"}],"version-history":[{"count":3,"href":"https:\/\/dev.refugelechaudron-champery.ch\/de\/wp-json\/wp\/v2\/pages\/33994\/revisions"}],"predecessor-version":[{"id":33997,"href":"https:\/\/dev.refugelechaudron-champery.ch\/de\/wp-json\/wp\/v2\/pages\/33994\/revisions\/33997"}],"up":[{"embeddable":true,"href":"https:\/\/dev.refugelechaudron-champery.ch\/de\/wp-json\/wp\/v2\/pages\/33435"}],"wp:attachment":[{"href":"https:\/\/dev.refugelechaudron-champery.ch\/de\/wp-json\/wp\/v2\/media?parent=33994"}],"curies":[{"name":"wp","href":"https:\/\/api.w.org\/{rel}","templated":true}]}}