{"id":33428,"date":"2017-11-29T14:28:17","date_gmt":"2017-11-29T13:28:17","guid":{"rendered":"https:\/\/test.chaletmontriond.ch\/activities\/"},"modified":"2024-12-11T12:15:17","modified_gmt":"2024-12-11T11:15:17","slug":"activities","status":"publish","type":"page","link":"https:\/\/dev.refugelechaudron-champery.ch\/en\/activities\/","title":{"rendered":"Activities"},"content":{"rendered":"<div class=\"wpb-content-wrapper\"><p>[vc_row][vc_column]\n\t\t\t\t<p class=\"rs-p-wp-fix\"><\/p>\n\t\t\t\t<sr7-module data-alias=\"Ete-24-fr\" data-id=\"4\" id=\"SR7_4_1\" class=\"rs-ov-hidden\" data-version=\"6.7.15\">\n\t\t\t\t\t<sr7-adjuster><\/sr7-adjuster>\n\t\t\t\t\t<sr7-content>\n\t\t\t\t\t\t<sr7-slide id=\"SR7_4_1-21\" data-key=\"21\">\n\t\t\t\t\t\t\t<sr7-bg id=\"SR7_4_1-21-5\" class=\"sr7-layer\"><noscript><img decoding=\"async\" src=\"https:\/\/dev.refugelechaudron-champery.ch\/wp-content\/uploads\/revslider\/ete-24\/LesCrosets_2_1920_600.png\" alt=\"\" title=\"LesCrosets_2_1920_600.png\"><\/noscript><\/sr7-bg>\n\t\t\t\t\t\t\t<sr7-txt id=\"SR7_4_1-21-0\" class=\"sr7-layer\">Les Crosets \u00e0 1800m au coeur des Portes du Soleil<\/sr7-txt>\n\t\t\t\t\t\t\t<sr7-txt id=\"SR7_4_1-21-2\" class=\"sr7-layer\">Nature, sport et s\u00e9r\u00e9nit\u00e9 au coeur des Alpes<\/sr7-txt>\n\t\t\t\t\t\t<\/sr7-slide>\n\t\t\t\t\t\t<sr7-slide id=\"SR7_4_1-22\" data-key=\"22\">\n\t\t\t\t\t\t\t<sr7-bg id=\"SR7_4_1-22-5\" class=\"sr7-layer\"><noscript><img decoding=\"async\" src=\"https:\/\/dev.refugelechaudron-champery.ch\/wp-content\/uploads\/revslider\/ete-24\/Riviere_1920_600.jpg\" alt=\"\" title=\"Riviere_1920_600.jpg\"><\/noscript><\/sr7-bg>\n\t\t\t\t\t\t\t<sr7-txt id=\"SR7_4_1-22-0\" class=\"sr7-layer\">La fra\u00eecheur des ruisseaux de montagne<\/sr7-txt>\n\t\t\t\t\t\t<\/sr7-slide>\n\t\t\t\t\t\t<sr7-slide id=\"SR7_4_1-23\" data-key=\"23\">\n\t\t\t\t\t\t\t<sr7-bg id=\"SR7_4_1-23-5\" class=\"sr7-layer\"><noscript><img decoding=\"async\" src=\"https:\/\/dev.refugelechaudron-champery.ch\/wp-content\/uploads\/revslider\/ete-24\/Hotel_1_1920_600.png\" alt=\"\" title=\"Hotel_1_1920_600.png\"><\/noscript><\/sr7-bg>\n\t\t\t\t\t\t\t<sr7-txt id=\"SR7_4_1-23-0\" class=\"sr7-layer\">Tous les chambres avec vue sur les montagnes<\/sr7-txt>\n\t\t\t\t\t\t<\/sr7-slide>\n\t\t\t\t\t\t<sr7-slide id=\"SR7_4_1-35\" data-key=\"35\">\n\t\t\t\t\t\t\t<sr7-bg id=\"SR7_4_1-35-5\" class=\"sr7-layer\"><noscript><img decoding=\"async\" src=\"https:\/\/dev.refugelechaudron-champery.ch\/wp-content\/uploads\/2016\/10\/Room_1920_600.png\" alt=\"\" title=\"Room_1920_600\"><\/noscript><\/sr7-bg>\n\t\t\t\t\t\t\t<sr7-txt id=\"SR7_4_1-35-0\" class=\"sr7-layer\">Toute nos chambres avec vue sur la Montagne<\/sr7-txt>\n\t\t\t\t\t\t<\/sr7-slide>\n\t\t\t\t\t\t<sr7-slide id=\"SR7_4_1-24\" data-key=\"24\">\n\t\t\t\t\t\t\t<sr7-bg id=\"SR7_4_1-24-5\" class=\"sr7-layer\"><noscript><img decoding=\"async\" src=\"https:\/\/dev.refugelechaudron-champery.ch\/wp-content\/uploads\/revslider\/ete-24\/Hotel_Vue_1920_600-1.png\" alt=\"\" title=\"Hotel_Vue_1920_600-1.png\"><\/noscript><\/sr7-bg>\n\t\t\t\t\t\t\t<sr7-txt id=\"SR7_4_1-24-0\" class=\"sr7-layer\">Coucher de soleil sur les  Dents du Midi<\/sr7-txt>\n\t\t\t\t\t\t<\/sr7-slide>\n\t\t\t\t\t\t<sr7-slide id=\"SR7_4_1-25\" data-key=\"25\">\n\t\t\t\t\t\t\t<sr7-bg id=\"SR7_4_1-25-5\" class=\"sr7-layer\"><noscript><img decoding=\"async\" src=\"https:\/\/dev.refugelechaudron-champery.ch\/wp-content\/uploads\/revslider\/ete-24\/Dents_du_Midi.jpg\" alt=\"\" title=\"Dents_du_Midi.jpg\"><\/noscript><\/sr7-bg>\n\t\t\t\t\t\t\t<sr7-txt id=\"SR7_4_1-25-0\" class=\"sr7-layer\">Les Dents du Midi l'embl\u00e8me de notre r\u00e9gion et accessible aux marcheurs<\/sr7-txt>\n\t\t\t\t\t\t<\/sr7-slide>\n\t\t\t\t\t\t<sr7-slide id=\"SR7_4_1-26\" data-key=\"26\">\n\t\t\t\t\t\t\t<sr7-bg id=\"SR7_4_1-26-5\" class=\"sr7-layer\"><noscript><img decoding=\"async\" src=\"https:\/\/dev.refugelechaudron-champery.ch\/wp-content\/uploads\/revslider\/ete-24\/Rando3_1920_600.png\" alt=\"\" title=\"Rando3_1920_600.png\"><\/noscript><\/sr7-bg>\n\t\t\t\t\t\t\t<sr7-txt id=\"SR7_4_1-26-0\" class=\"sr7-layer\">Profitez des installations pour rejoindre gratuitement avec le Multipass les sommets<\/sr7-txt>\n\t\t\t\t\t\t<\/sr7-slide>\n\t\t\t\t\t\t<sr7-slide id=\"SR7_4_1-27\" data-key=\"27\">\n\t\t\t\t\t\t\t<sr7-bg id=\"SR7_4_1-27-5\" class=\"sr7-layer\"><noscript><img decoding=\"async\" src=\"https:\/\/dev.refugelechaudron-champery.ch\/wp-content\/uploads\/revslider\/ete-24\/VTT_3_1920_600.png\" alt=\"\" title=\"VTT_3_1920_600.png\"><\/noscript><\/sr7-bg>\n\t\t\t\t\t\t\t<sr7-txt id=\"SR7_4_1-27-0\" class=\"sr7-layer\">Plus de 650 km de VTT ou VTTAE (bleue, rouge ou noir) entre la Suisse et la France<\/sr7-txt>\n\t\t\t\t\t\t<\/sr7-slide>\n\t\t\t\t\t\t<sr7-slide id=\"SR7_4_1-28\" data-key=\"28\">\n\t\t\t\t\t\t\t<sr7-bg id=\"SR7_4_1-28-5\" class=\"sr7-layer\"><noscript><img decoding=\"async\" src=\"https:\/\/dev.refugelechaudron-champery.ch\/wp-content\/uploads\/revslider\/ete-24\/Rhodo_1920_600.jpg\" alt=\"\" title=\"Rhodo_1920_600.jpg\"><\/noscript><\/sr7-bg>\n\t\t\t\t\t\t\t<sr7-txt id=\"SR7_4_1-28-0\" class=\"sr7-layer\">D\u00e9couvrez la flore alpine pr\u00e8s du Montriond Lodge<\/sr7-txt>\n\t\t\t\t\t\t<\/sr7-slide>\n\t\t\t\t\t\t<sr7-slide id=\"SR7_4_1-29\" data-key=\"29\">\n\t\t\t\t\t\t\t<sr7-bg id=\"SR7_4_1-29-5\" class=\"sr7-layer\"><noscript><img decoding=\"async\" src=\"https:\/\/dev.refugelechaudron-champery.ch\/wp-content\/uploads\/revslider\/ete-24\/Buvette_1_1920_600.png\" alt=\"\" title=\"Buvette_1_1920_600.png\"><\/noscript><\/sr7-bg>\n\t\t\t\t\t\t\t<sr7-txt id=\"SR7_4_1-29-0\" class=\"sr7-layer\">Nos buvettes d'alpage vous attendent<\/sr7-txt>\n\t\t\t\t\t\t<\/sr7-slide>\n\t\t\t\t\t\t<sr7-slide id=\"SR7_4_1-30\" data-key=\"30\">\n\t\t\t\t\t\t\t<sr7-bg id=\"SR7_4_1-30-5\" class=\"sr7-layer\"><noscript><img decoding=\"async\" src=\"https:\/\/dev.refugelechaudron-champery.ch\/wp-content\/uploads\/revslider\/ete-24\/Vache_1920_600.jpg\" alt=\"\" title=\"Vache_1920_600.jpg\"><\/noscript><\/sr7-bg>\n\t\t\t\t\t\t\t<sr7-txt id=\"SR7_4_1-30-0\" class=\"sr7-layer\">D\u00e9couvrez nos stars locales pr\u00e8s du Chalet Montriond<\/sr7-txt>\n\t\t\t\t\t\t<\/sr7-slide>\n\t\t\t\t\t\t<sr7-slide id=\"SR7_4_1-31\" data-key=\"31\">\n\t\t\t\t\t\t\t<sr7-bg id=\"SR7_4_1-31-5\" class=\"sr7-layer\"><noscript><img decoding=\"async\" src=\"https:\/\/dev.refugelechaudron-champery.ch\/wp-content\/uploads\/revslider\/ete-24\/VTT_4_1920_600.png\" alt=\"\" title=\"VTT_4_1920_600.png\"><\/noscript><\/sr7-bg>\n\t\t\t\t\t\t\t<sr7-txt id=\"SR7_4_1-31-0\" class=\"sr7-layer\">Pour les amateurs de Downhill, 4 secteurs vous attendent<\/sr7-txt>\n\t\t\t\t\t\t<\/sr7-slide>\n\t\t\t\t\t\t<sr7-slide id=\"SR7_4_1-32\" data-key=\"32\">\n\t\t\t\t\t\t\t<sr7-bg id=\"SR7_4_1-32-5\" class=\"sr7-layer\"><noscript><img decoding=\"async\" src=\"https:\/\/dev.refugelechaudron-champery.ch\/wp-content\/uploads\/revslider\/ete-24\/Pont_1920_600.jpg\" alt=\"\" title=\"Pont_1920_600.jpg\"><\/noscript><\/sr7-bg>\n\t\t\t\t\t\t\t<sr7-txt id=\"SR7_4_1-32-0\" class=\"sr7-layer\">Pont de Chenarlier: une aventure sympa<\/sr7-txt>\n\t\t\t\t\t\t<\/sr7-slide>\n\t\t\t\t\t\t<sr7-slide id=\"SR7_4_1-33\" data-key=\"33\">\n\t\t\t\t\t\t\t<sr7-bg id=\"SR7_4_1-33-5\" class=\"sr7-layer\"><noscript><img decoding=\"async\" src=\"https:\/\/dev.refugelechaudron-champery.ch\/wp-content\/uploads\/revslider\/ete-24\/Rando1_1920_600.png\" alt=\"\" title=\"Rando1_1920_600.png\"><\/noscript><\/sr7-bg>\n\t\t\t\t\t\t\t<sr7-txt id=\"SR7_4_1-33-0\" class=\"sr7-layer\">Toute l'\u00e9quipe du Chalet Montriond se r\u00e9jouit de vous recevoir.<\/sr7-txt>\n\t\t\t\t\t\t\t<sr7-txt id=\"SR7_4_1-33-2\" class=\"sr7-layer\">Nature, sport et s\u00e9r\u00e9nit\u00e9 au coeur des Alpes<\/sr7-txt>\n\t\t\t\t\t\t<\/sr7-slide>\n\t\t\t\t\t\t<sr7-slide id=\"SR7_4_1-34\" data-key=\"34\">\n\t\t\t\t\t\t<\/sr7-slide>\n\t\t\t\t\t<\/sr7-content>\n\t\t\t\t\t<image_lists style=\"display:none\">\n\t\t\t\t\t\t<img data-src=\"\/\/dev.refugelechaudron-champery.ch\/wp-content\/uploads\/revslider\/ete-24\/Flag_of_Switzerland_Pantone.svg_-300x300.png\" data-libid=\"32789\" title=\"Flag_of_Switzerland_Pantone.svg_-300&#215;300.png\" width=\"0\" height=\"0\" data-dbsrc=\"Ly9kZXYucmVmdWdlbGVjaGF1ZHJvbi1jaGFtcGVyeS5jaC93cC1jb250ZW50L3VwbG9hZHMvcmV2c2xpZGVyL2V0ZS0yNC9GbGFnX29mX1N3aXR6ZXJsYW5kX1BhbnRvbmUuc3ZnXy0zMDB4MzAwLnBuZw==\"\/>\n\t\t\t\t\t\t<img data-src=\"\/\/dev.refugelechaudron-champery.ch\/wp-content\/uploads\/revslider\/ete-24\/LesCrosets_2_1920_600.png\" data-libid=\"32786\" data-lib=\"medialibrary\" title=\"LesCrosets_2_1920_600.png\" width=\"0\" height=\"0\" data-dbsrc=\"Ly9kZXYucmVmdWdlbGVjaGF1ZHJvbi1jaGFtcGVyeS5jaC93cC1jb250ZW50L3VwbG9hZHMvcmV2c2xpZGVyL2V0ZS0yNC9MZXNDcm9zZXRzXzJfMTkyMF82MDAucG5n\"\/>\n\t\t\t\t\t\t<img data-src=\"\/\/dev.refugelechaudron-champery.ch\/wp-content\/uploads\/revslider\/ete-24\/Flag_of_Switzerland_Pantone.svg_-300x300.png\" data-libid=\"32789\" title=\"Flag_of_Switzerland_Pantone.svg_-300&#215;300.png\" width=\"0\" height=\"0\" data-dbsrc=\"Ly9kZXYucmVmdWdlbGVjaGF1ZHJvbi1jaGFtcGVyeS5jaC93cC1jb250ZW50L3VwbG9hZHMvcmV2c2xpZGVyL2V0ZS0yNC9GbGFnX29mX1N3aXR6ZXJsYW5kX1BhbnRvbmUuc3ZnXy0zMDB4MzAwLnBuZw==\"\/>\n\t\t\t\t\t\t<img data-src=\"\/\/dev.refugelechaudron-champery.ch\/wp-content\/uploads\/revslider\/ete-24\/Riviere_1920_600.jpg\" data-libid=\"32792\" data-lib=\"medialibrary\" title=\"Riviere_1920_600.jpg\" width=\"0\" height=\"0\" data-dbsrc=\"Ly9kZXYucmVmdWdlbGVjaGF1ZHJvbi1jaGFtcGVyeS5jaC93cC1jb250ZW50L3VwbG9hZHMvcmV2c2xpZGVyL2V0ZS0yNC9SaXZpZXJlXzE5MjBfNjAwLmpwZw==\"\/>\n\t\t\t\t\t\t<img data-src=\"\/\/dev.refugelechaudron-champery.ch\/wp-content\/uploads\/revslider\/ete-24\/Flag_of_Switzerland_Pantone.svg_-300x300.png\" data-libid=\"32789\" title=\"Flag_of_Switzerland_Pantone.svg_-300&#215;300.png\" width=\"0\" height=\"0\" data-dbsrc=\"Ly9kZXYucmVmdWdlbGVjaGF1ZHJvbi1jaGFtcGVyeS5jaC93cC1jb250ZW50L3VwbG9hZHMvcmV2c2xpZGVyL2V0ZS0yNC9GbGFnX29mX1N3aXR6ZXJsYW5kX1BhbnRvbmUuc3ZnXy0zMDB4MzAwLnBuZw==\"\/>\n\t\t\t\t\t\t<img data-src=\"\/\/dev.refugelechaudron-champery.ch\/wp-content\/uploads\/revslider\/ete-24\/Hotel_1_1920_600.png\" data-libid=\"32795\" data-lib=\"medialibrary\" title=\"Hotel_1_1920_600.png\" width=\"0\" height=\"0\" data-dbsrc=\"Ly9kZXYucmVmdWdlbGVjaGF1ZHJvbi1jaGFtcGVyeS5jaC93cC1jb250ZW50L3VwbG9hZHMvcmV2c2xpZGVyL2V0ZS0yNC9Ib3RlbF8xXzE5MjBfNjAwLnBuZw==\"\/>\n\t\t\t\t\t\t<img data-src=\"\/\/dev.refugelechaudron-champery.ch\/wp-content\/uploads\/revslider\/ete-24\/Flag_of_Switzerland_Pantone.svg_-300x300.png\" data-libid=\"32789\" title=\"Flag_of_Switzerland_Pantone.svg_-300&#215;300.png\" width=\"0\" height=\"0\" data-dbsrc=\"Ly9kZXYucmVmdWdlbGVjaGF1ZHJvbi1jaGFtcGVyeS5jaC93cC1jb250ZW50L3VwbG9hZHMvcmV2c2xpZGVyL2V0ZS0yNC9GbGFnX29mX1N3aXR6ZXJsYW5kX1BhbnRvbmUuc3ZnXy0zMDB4MzAwLnBuZw==\"\/>\n\t\t\t\t\t\t<img data-src=\"\/\/dev.refugelechaudron-champery.ch\/wp-content\/uploads\/revslider\/ete-24\/Hotel_Vue_1920_600-1.png\" data-libid=\"32798\" data-lib=\"medialibrary\" title=\"Hotel_Vue_1920_600-1.png\" width=\"0\" height=\"0\" data-dbsrc=\"Ly9kZXYucmVmdWdlbGVjaGF1ZHJvbi1jaGFtcGVyeS5jaC93cC1jb250ZW50L3VwbG9hZHMvcmV2c2xpZGVyL2V0ZS0yNC9Ib3RlbF9WdWVfMTkyMF82MDAtMS5wbmc=\"\/>\n\t\t\t\t\t\t<img data-src=\"\/\/dev.refugelechaudron-champery.ch\/wp-content\/uploads\/revslider\/ete-24\/Flag_of_Switzerland_Pantone.svg_-300x300.png\" data-libid=\"32789\" title=\"Flag_of_Switzerland_Pantone.svg_-300&#215;300.png\" width=\"0\" height=\"0\" data-dbsrc=\"Ly9kZXYucmVmdWdlbGVjaGF1ZHJvbi1jaGFtcGVyeS5jaC93cC1jb250ZW50L3VwbG9hZHMvcmV2c2xpZGVyL2V0ZS0yNC9GbGFnX29mX1N3aXR6ZXJsYW5kX1BhbnRvbmUuc3ZnXy0zMDB4MzAwLnBuZw==\"\/>\n\t\t\t\t\t\t<img data-src=\"\/\/dev.refugelechaudron-champery.ch\/wp-content\/uploads\/revslider\/ete-24\/Dents_du_Midi.jpg\" data-libid=\"32801\" data-lib=\"medialibrary\" title=\"Dents_du_Midi.jpg\" width=\"0\" height=\"0\" data-dbsrc=\"Ly9kZXYucmVmdWdlbGVjaGF1ZHJvbi1jaGFtcGVyeS5jaC93cC1jb250ZW50L3VwbG9hZHMvcmV2c2xpZGVyL2V0ZS0yNC9EZW50c19kdV9NaWRpLmpwZw==\"\/>\n\t\t\t\t\t\t<img data-src=\"\/\/dev.refugelechaudron-champery.ch\/wp-content\/uploads\/revslider\/ete-24\/Flag_of_Switzerland_Pantone.svg_-300x300.png\" data-libid=\"32789\" title=\"Flag_of_Switzerland_Pantone.svg_-300&#215;300.png\" width=\"0\" height=\"0\" data-dbsrc=\"Ly9kZXYucmVmdWdlbGVjaGF1ZHJvbi1jaGFtcGVyeS5jaC93cC1jb250ZW50L3VwbG9hZHMvcmV2c2xpZGVyL2V0ZS0yNC9GbGFnX29mX1N3aXR6ZXJsYW5kX1BhbnRvbmUuc3ZnXy0zMDB4MzAwLnBuZw==\"\/>\n\t\t\t\t\t\t<img data-src=\"\/\/dev.refugelechaudron-champery.ch\/wp-content\/uploads\/revslider\/ete-24\/Rando3_1920_600.png\" data-libid=\"32804\" data-lib=\"medialibrary\" title=\"Rando3_1920_600.png\" width=\"0\" height=\"0\" data-dbsrc=\"Ly9kZXYucmVmdWdlbGVjaGF1ZHJvbi1jaGFtcGVyeS5jaC93cC1jb250ZW50L3VwbG9hZHMvcmV2c2xpZGVyL2V0ZS0yNC9SYW5kbzNfMTkyMF82MDAucG5n\"\/>\n\t\t\t\t\t\t<img data-src=\"\/\/dev.refugelechaudron-champery.ch\/wp-content\/uploads\/revslider\/ete-24\/Flag_of_Switzerland_Pantone.svg_-300x300.png\" data-libid=\"32789\" title=\"Flag_of_Switzerland_Pantone.svg_-300&#215;300.png\" width=\"0\" height=\"0\" data-dbsrc=\"Ly9kZXYucmVmdWdlbGVjaGF1ZHJvbi1jaGFtcGVyeS5jaC93cC1jb250ZW50L3VwbG9hZHMvcmV2c2xpZGVyL2V0ZS0yNC9GbGFnX29mX1N3aXR6ZXJsYW5kX1BhbnRvbmUuc3ZnXy0zMDB4MzAwLnBuZw==\"\/>\n\t\t\t\t\t\t<img data-src=\"\/\/dev.refugelechaudron-champery.ch\/wp-content\/uploads\/revslider\/ete-24\/VTT_3_1920_600.png\" data-libid=\"32807\" data-lib=\"medialibrary\" title=\"VTT_3_1920_600.png\" width=\"0\" height=\"0\" data-dbsrc=\"Ly9kZXYucmVmdWdlbGVjaGF1ZHJvbi1jaGFtcGVyeS5jaC93cC1jb250ZW50L3VwbG9hZHMvcmV2c2xpZGVyL2V0ZS0yNC9WVFRfM18xOTIwXzYwMC5wbmc=\"\/>\n\t\t\t\t\t\t<img data-src=\"\/\/dev.refugelechaudron-champery.ch\/wp-content\/uploads\/revslider\/ete-24\/Flag_of_Switzerland_Pantone.svg_-300x300.png\" data-libid=\"32789\" title=\"Flag_of_Switzerland_Pantone.svg_-300&#215;300.png\" width=\"0\" height=\"0\" data-dbsrc=\"Ly9kZXYucmVmdWdlbGVjaGF1ZHJvbi1jaGFtcGVyeS5jaC93cC1jb250ZW50L3VwbG9hZHMvcmV2c2xpZGVyL2V0ZS0yNC9GbGFnX29mX1N3aXR6ZXJsYW5kX1BhbnRvbmUuc3ZnXy0zMDB4MzAwLnBuZw==\"\/>\n\t\t\t\t\t\t<img data-src=\"\/\/dev.refugelechaudron-champery.ch\/wp-content\/uploads\/revslider\/ete-24\/Rhodo_1920_600.jpg\" data-libid=\"32810\" data-lib=\"medialibrary\" title=\"Rhodo_1920_600.jpg\" width=\"0\" height=\"0\" data-dbsrc=\"Ly9kZXYucmVmdWdlbGVjaGF1ZHJvbi1jaGFtcGVyeS5jaC93cC1jb250ZW50L3VwbG9hZHMvcmV2c2xpZGVyL2V0ZS0yNC9SaG9kb18xOTIwXzYwMC5qcGc=\"\/>\n\t\t\t\t\t\t<img data-src=\"\/\/dev.refugelechaudron-champery.ch\/wp-content\/uploads\/revslider\/ete-24\/Flag_of_Switzerland_Pantone.svg_-300x300.png\" data-libid=\"32789\" title=\"Flag_of_Switzerland_Pantone.svg_-300&#215;300.png\" width=\"0\" height=\"0\" data-dbsrc=\"Ly9kZXYucmVmdWdlbGVjaGF1ZHJvbi1jaGFtcGVyeS5jaC93cC1jb250ZW50L3VwbG9hZHMvcmV2c2xpZGVyL2V0ZS0yNC9GbGFnX29mX1N3aXR6ZXJsYW5kX1BhbnRvbmUuc3ZnXy0zMDB4MzAwLnBuZw==\"\/>\n\t\t\t\t\t\t<img data-src=\"\/\/dev.refugelechaudron-champery.ch\/wp-content\/uploads\/revslider\/ete-24\/Buvette_1_1920_600.png\" data-libid=\"32813\" data-lib=\"medialibrary\" title=\"Buvette_1_1920_600.png\" width=\"0\" height=\"0\" data-dbsrc=\"Ly9kZXYucmVmdWdlbGVjaGF1ZHJvbi1jaGFtcGVyeS5jaC93cC1jb250ZW50L3VwbG9hZHMvcmV2c2xpZGVyL2V0ZS0yNC9CdXZldHRlXzFfMTkyMF82MDAucG5n\"\/>\n\t\t\t\t\t\t<img data-src=\"\/\/dev.refugelechaudron-champery.ch\/wp-content\/uploads\/revslider\/ete-24\/Flag_of_Switzerland_Pantone.svg_-300x300.png\" data-libid=\"32789\" title=\"Flag_of_Switzerland_Pantone.svg_-300&#215;300.png\" width=\"0\" height=\"0\" data-dbsrc=\"Ly9kZXYucmVmdWdlbGVjaGF1ZHJvbi1jaGFtcGVyeS5jaC93cC1jb250ZW50L3VwbG9hZHMvcmV2c2xpZGVyL2V0ZS0yNC9GbGFnX29mX1N3aXR6ZXJsYW5kX1BhbnRvbmUuc3ZnXy0zMDB4MzAwLnBuZw==\"\/>\n\t\t\t\t\t\t<img data-src=\"\/\/dev.refugelechaudron-champery.ch\/wp-content\/uploads\/revslider\/ete-24\/Vache_1920_600.jpg\" data-libid=\"32819\" data-lib=\"medialibrary\" title=\"Vache_1920_600.jpg\" width=\"0\" height=\"0\" data-dbsrc=\"Ly9kZXYucmVmdWdlbGVjaGF1ZHJvbi1jaGFtcGVyeS5jaC93cC1jb250ZW50L3VwbG9hZHMvcmV2c2xpZGVyL2V0ZS0yNC9WYWNoZV8xOTIwXzYwMC5qcGc=\"\/>\n\t\t\t\t\t\t<img data-src=\"\/\/dev.refugelechaudron-champery.ch\/wp-content\/uploads\/revslider\/ete-24\/Flag_of_Switzerland_Pantone.svg_-300x300.png\" data-libid=\"32789\" title=\"Flag_of_Switzerland_Pantone.svg_-300&#215;300.png\" width=\"0\" height=\"0\" data-dbsrc=\"Ly9kZXYucmVmdWdlbGVjaGF1ZHJvbi1jaGFtcGVyeS5jaC93cC1jb250ZW50L3VwbG9hZHMvcmV2c2xpZGVyL2V0ZS0yNC9GbGFnX29mX1N3aXR6ZXJsYW5kX1BhbnRvbmUuc3ZnXy0zMDB4MzAwLnBuZw==\"\/>\n\t\t\t\t\t\t<img data-src=\"\/\/dev.refugelechaudron-champery.ch\/wp-content\/uploads\/revslider\/ete-24\/VTT_4_1920_600.png\" data-libid=\"32822\" data-lib=\"medialibrary\" title=\"VTT_4_1920_600.png\" width=\"0\" height=\"0\" data-dbsrc=\"Ly9kZXYucmVmdWdlbGVjaGF1ZHJvbi1jaGFtcGVyeS5jaC93cC1jb250ZW50L3VwbG9hZHMvcmV2c2xpZGVyL2V0ZS0yNC9WVFRfNF8xOTIwXzYwMC5wbmc=\"\/>\n\t\t\t\t\t\t<img data-src=\"\/\/dev.refugelechaudron-champery.ch\/wp-content\/uploads\/revslider\/ete-24\/Flag_of_Switzerland_Pantone.svg_-300x300.png\" data-libid=\"32789\" title=\"Flag_of_Switzerland_Pantone.svg_-300&#215;300.png\" width=\"0\" height=\"0\" data-dbsrc=\"Ly9kZXYucmVmdWdlbGVjaGF1ZHJvbi1jaGFtcGVyeS5jaC93cC1jb250ZW50L3VwbG9hZHMvcmV2c2xpZGVyL2V0ZS0yNC9GbGFnX29mX1N3aXR6ZXJsYW5kX1BhbnRvbmUuc3ZnXy0zMDB4MzAwLnBuZw==\"\/>\n\t\t\t\t\t\t<img data-src=\"\/\/dev.refugelechaudron-champery.ch\/wp-content\/uploads\/revslider\/ete-24\/Pont_1920_600.jpg\" data-libid=\"32825\" data-lib=\"medialibrary\" title=\"Pont_1920_600.jpg\" width=\"0\" height=\"0\" data-dbsrc=\"Ly9kZXYucmVmdWdlbGVjaGF1ZHJvbi1jaGFtcGVyeS5jaC93cC1jb250ZW50L3VwbG9hZHMvcmV2c2xpZGVyL2V0ZS0yNC9Qb250XzE5MjBfNjAwLmpwZw==\"\/>\n\t\t\t\t\t\t<img data-src=\"\/\/dev.refugelechaudron-champery.ch\/wp-content\/uploads\/revslider\/ete-24\/Flag_of_Switzerland_Pantone.svg_-300x300.png\" data-libid=\"32789\" title=\"Flag_of_Switzerland_Pantone.svg_-300&#215;300.png\" width=\"0\" height=\"0\" data-dbsrc=\"Ly9kZXYucmVmdWdlbGVjaGF1ZHJvbi1jaGFtcGVyeS5jaC93cC1jb250ZW50L3VwbG9hZHMvcmV2c2xpZGVyL2V0ZS0yNC9GbGFnX29mX1N3aXR6ZXJsYW5kX1BhbnRvbmUuc3ZnXy0zMDB4MzAwLnBuZw==\"\/>\n\t\t\t\t\t\t<img data-src=\"\/\/dev.refugelechaudron-champery.ch\/wp-content\/uploads\/revslider\/ete-24\/Rando1_1920_600.png\" data-libid=\"32828\" data-lib=\"medialibrary\" title=\"Rando1_1920_600.png\" width=\"0\" height=\"0\" data-dbsrc=\"Ly9kZXYucmVmdWdlbGVjaGF1ZHJvbi1jaGFtcGVyeS5jaC93cC1jb250ZW50L3VwbG9hZHMvcmV2c2xpZGVyL2V0ZS0yNC9SYW5kbzFfMTkyMF82MDAucG5n\"\/>\n\t\t\t\t\t\t<img data-src=\"\/\/dev.refugelechaudron-champery.ch\/wp-content\/uploads\/revslider\/ete-24\/Flag_of_Switzerland_Pantone.svg_-300x300.png\" data-libid=\"32789\" title=\"Flag_of_Switzerland_Pantone.svg_-300&#215;300.png\" width=\"0\" height=\"0\" data-dbsrc=\"Ly9kZXYucmVmdWdlbGVjaGF1ZHJvbi1jaGFtcGVyeS5jaC93cC1jb250ZW50L3VwbG9hZHMvcmV2c2xpZGVyL2V0ZS0yNC9GbGFnX29mX1N3aXR6ZXJsYW5kX1BhbnRvbmUuc3ZnXy0zMDB4MzAwLnBuZw==\"\/>\n\t\t\t\t\t\t<img data-src=\"\/\/dev.refugelechaudron-champery.ch\/wp-content\/uploads\/2016\/10\/Room_1920_600.png\" data-libid=\"33805\" data-lib=\"medialibrary\" title=\"Room_1920_600\" width=\"0\" height=\"0\" data-dbsrc=\"Ly9kZXYucmVmdWdlbGVjaGF1ZHJvbi1jaGFtcGVyeS5jaC93cC1jb250ZW50L3VwbG9hZHMvMjAxNi8xMC9Sb29tXzE5MjBfNjAwLnBuZw==\"\/>\n\t\t\t\t\t<\/image_lists>\n\t\t\t\t<\/sr7-module>\n\t\t\t\t<script>\n\t\t\t\t\tSR7.PMH ??={}; SR7.PMH[\"SR7_4_1\"] = {cn:0,state:false,fn: function() { if (_tpt!==undefined && _tpt.prepareModuleHeight !== undefined) {  _tpt.prepareModuleHeight({id:\"SR7_4_1\",el:[600,600,768,960,500],type:'standard',shdw:'0',gh:[600,600,768,960,500],gw:[1920,1920,1024,778,480],vpt:['-200px&#039;,&#039;-200px&#039;,&#039;-200px&#039;,&#039;-200px&#039;,&#039;-200px'],size:{fullWidth:true, fullHeight:false},mh:'0',onh:0,onw:0,bg:{color:'{\"orig\":\"transparent\",\"type\":\"solid\",\"string\":\"transparent\"}'}});   SR7.PMH[\"SR7_4_1\"].state=true;} else if((SR7.PMH[\"SR7_4_1\"].cn++)<100)\tsetTimeout( SR7.PMH[\"SR7_4_1\"].fn,19);}};SR7.PMH[\"SR7_4_1\" ].fn();\n\t\t\t\t<\/script>\n[vc_empty_space]<div class=\"thim-widget-heading template-default\"><div class=\"thim-sc-heading\" >\n\t\t<div class=\"article_heading \">\n\t\t\t\n\t\t\t<p class=\"heading_primary\"  >A COZY STAY FILLED WITH VARIOUS ACTIVITIES<\/p>\n\t\t\t\n\t\t\t\n\t\t<\/div>\n\t<\/div><\/div>[vc_empty_space][vc_column_text css=&#8221;&#8221;]In summer and winter alike, discover the multitude of activities available in the Dents du Midi region. Whether you&#8217;re looking for a unique experience, adrenaline rush, gentle tourism, or discovery of the region, we have a wide range of activities to offer every season. Come discover this magnificent region and create magical memories![\/vc_column_text][\/vc_column][\/vc_row][vc_row][vc_column width=&#8221;1\/2&#8243;]<div class=\"thim-widget-heading template-default\"><div class=\"thim-sc-heading\" >\n\t\t<div class=\"article_heading \">\n\t\t\t\n\t\t\t<p class=\"heading_primary\"  >Winter Activities<\/p>\n\t\t\t\n\t\t\t\n\t\t<\/div>\n\t<\/div><\/div>[vc_empty_space][vc_single_image image=&#8221;33347&#8243; img_size=&#8221;full&#8221; alignment=&#8221;center&#8221; onclick=&#8221;custom_link&#8221; css=&#8221;&#8221; link=&#8221;https:\/\/dev.refugelechaudron-champery.ch\/en\/activities\/winter-activities\/&#8221;]<div class=\"thim-widget-heading template-default\"><div class=\"thim-sc-heading\" >\n\t\t<div class=\"article_heading \">\n\t\t\t\n\t\t\t\n\t\t\t\n\t\t\t<div class=\"heading-button \"><a href=\"https:\/\/dev.refugelechaudron-champery.ch\/en\/activities\/winter-activities\/\"><i class=\"icomoon icon-up\"><\/i>More Info<\/a><\/div>\n\t\t<\/div>\n\t<\/div><\/div>[\/vc_column][vc_column width=&#8221;1\/2&#8243;]<div class=\"thim-widget-heading template-default\"><div class=\"thim-sc-heading\" >\n\t\t<div class=\"article_heading \">\n\t\t\t\n\t\t\t<p class=\"heading_primary\"  >Summer Activities<\/p>\n\t\t\t\n\t\t\t\n\t\t<\/div>\n\t<\/div><\/div>[vc_empty_space][vc_single_image image=&#8221;32943&#8243; img_size=&#8221;full&#8221; alignment=&#8221;center&#8221; onclick=&#8221;custom_link&#8221; css=&#8221;&#8221; link=&#8221;https:\/\/dev.refugelechaudron-champery.ch\/en\/activities\/summer-activities-multipass\/&#8221;]<div class=\"thim-widget-heading template-default\"><div class=\"thim-sc-heading\" >\n\t\t<div class=\"article_heading \">\n\t\t\t\n\t\t\t\n\t\t\t\n\t\t\t<div class=\"heading-button \"><a href=\"https:\/\/dev.refugelechaudron-champery.ch\/en\/activities\/summer-activities-multipass\/\"><i class=\"icomoon icon-up\"><\/i>More Info<\/a><\/div>\n\t\t<\/div>\n\t<\/div><\/div>[\/vc_column][\/vc_row][vc_row][vc_column][vc_empty_space][\/vc_column][\/vc_row]<\/p>\n<\/div>","protected":false},"excerpt":{"rendered":"<p>[vc_row][vc_column][vc_empty_space][vc_empty_space][vc_column_text css=&#8221;&#8221;]In summer and winter alike, discover the multitude of activities available in the Dents du Midi region. Whether you&#8217;re looking for a unique experience, adrenaline rush, gentle tourism, or discovery of the region, we have a wide range of activities to offer every season. Come discover this magnificent region&#8230;<\/p>\n","protected":false},"author":1,"featured_media":0,"parent":0,"menu_order":0,"comment_status":"closed","ping_status":"closed","template":"templates\/home-page.php","meta":{"footnotes":""},"class_list":["post-33428","page","type-page","status-publish","hentry"],"_links":{"self":[{"href":"https:\/\/dev.refugelechaudron-champery.ch\/en\/wp-json\/wp\/v2\/pages\/33428","targetHints":{"allow":["GET"]}}],"collection":[{"href":"https:\/\/dev.refugelechaudron-champery.ch\/en\/wp-json\/wp\/v2\/pages"}],"about":[{"href":"https:\/\/dev.refugelechaudron-champery.ch\/en\/wp-json\/wp\/v2\/types\/page"}],"author":[{"embeddable":true,"href":"https:\/\/dev.refugelechaudron-champery.ch\/en\/wp-json\/wp\/v2\/users\/1"}],"replies":[{"embeddable":true,"href":"https:\/\/dev.refugelechaudron-champery.ch\/en\/wp-json\/wp\/v2\/comments?post=33428"}],"version-history":[{"count":21,"href":"https:\/\/dev.refugelechaudron-champery.ch\/en\/wp-json\/wp\/v2\/pages\/33428\/revisions"}],"predecessor-version":[{"id":34727,"href":"https:\/\/dev.refugelechaudron-champery.ch\/en\/wp-json\/wp\/v2\/pages\/33428\/revisions\/34727"}],"wp:attachment":[{"href":"https:\/\/dev.refugelechaudron-champery.ch\/en\/wp-json\/wp\/v2\/media?parent=33428"}],"curies":[{"name":"wp","href":"https:\/\/api.w.org\/{rel}","templated":true}]}}