{"id":34227,"date":"2024-07-08T12:00:22","date_gmt":"2024-07-08T10:00:22","guid":{"rendered":"https:\/\/chaletmontriond.ch\/?page_id=34227"},"modified":"2024-07-18T16:37:49","modified_gmt":"2024-07-18T14:37:49","slug":"offer-for-individuals-2","status":"publish","type":"page","link":"https:\/\/dev.refugelechaudron-champery.ch\/en\/offer-for-individuals-2\/","title":{"rendered":"Summer offer &#8211; 2 nights all inclusive"},"content":{"rendered":"<div class=\"wpb-content-wrapper\"><p>[vc_row][vc_column]\n\t\t\t\t<p class=\"rs-p-wp-fix\"><\/p>\n\t\t\t\t<sr7-module data-alias=\"ete-24\" data-id=\"3\" id=\"SR7_3_1\" class=\"rs-ov-hidden\" data-version=\"6.7.15\">\n\t\t\t\t\t<sr7-adjuster><\/sr7-adjuster>\n\t\t\t\t\t<sr7-content>\n\t\t\t\t\t\t<sr7-slide id=\"SR7_3_1-5\" data-key=\"5\">\n\t\t\t\t\t\t\t<sr7-bg id=\"SR7_3_1-5-5\" class=\"sr7-layer\"><noscript><img decoding=\"async\" src=\"https:\/\/dev.refugelechaudron-champery.ch\/wp-content\/uploads\/2016\/10\/Tanay_1920_600.png\" alt=\"\" title=\"Tanay_1920_600\"><\/noscript><\/sr7-bg>\n\t\t\t\t\t\t\t<sr7-txt id=\"SR7_3_1-5-0\" class=\"sr7-layer\">Lac Tanay: un bijou cach\u00e9<\/sr7-txt>\n\t\t\t\t\t\t<\/sr7-slide>\n\t\t\t\t\t\t<sr7-slide id=\"SR7_3_1-8\" data-key=\"8\">\n\t\t\t\t\t\t\t<sr7-bg id=\"SR7_3_1-8-5\" class=\"sr7-layer\"><noscript><img decoding=\"async\" src=\"https:\/\/dev.refugelechaudron-champery.ch\/wp-content\/uploads\/revslider\/ete-24\/Dents_du_Midi.jpg\" alt=\"\" title=\"Dents_du_Midi.jpg\"><\/noscript><\/sr7-bg>\n\t\t\t\t\t\t\t<sr7-txt id=\"SR7_3_1-8-0\" class=\"sr7-layer\">Les Dents du Midi l'embl\u00e8me de notre r\u00e9gion et accessible aux marcheurs<\/sr7-txt>\n\t\t\t\t\t\t<\/sr7-slide>\n\t\t\t\t\t\t<sr7-slide id=\"SR7_3_1-6\" data-key=\"6\">\n\t\t\t\t\t\t\t<sr7-bg id=\"SR7_3_1-6-5\" class=\"sr7-layer\"><noscript><img decoding=\"async\" src=\"https:\/\/dev.refugelechaudron-champery.ch\/wp-content\/uploads\/2016\/10\/Glacier_1920_600.png\" alt=\"\" title=\"Glacier_1920_600\"><\/noscript><\/sr7-bg>\n\t\t\t\t\t\t\t<sr7-txt id=\"SR7_3_1-6-0\" class=\"sr7-layer\">Les glaciers \u00e0 deux pas de vos randos<\/sr7-txt>\n\t\t\t\t\t\t<\/sr7-slide>\n\t\t\t\t\t\t<sr7-slide id=\"SR7_3_1-9\" data-key=\"9\">\n\t\t\t\t\t\t\t<sr7-bg id=\"SR7_3_1-9-5\" class=\"sr7-layer\"><noscript><img decoding=\"async\" src=\"https:\/\/dev.refugelechaudron-champery.ch\/wp-content\/uploads\/2016\/10\/Marmotte_2_1920_600.png\" alt=\"\" title=\"Marmotte_2_1920_600\"><\/noscript><\/sr7-bg>\n\t\t\t\t\t\t\t<sr7-txt id=\"SR7_3_1-9-0\" class=\"sr7-layer\">D\u00e9couvrez nos animaux sauvages<\/sr7-txt>\n\t\t\t\t\t\t<\/sr7-slide>\n\t\t\t\t\t\t<sr7-slide id=\"SR7_3_1-11\" data-key=\"11\">\n\t\t\t\t\t\t\t<sr7-bg id=\"SR7_3_1-11-5\" class=\"sr7-layer\"><noscript><img decoding=\"async\" src=\"https:\/\/dev.refugelechaudron-champery.ch\/wp-content\/uploads\/revslider\/ete-24\/Rhodo_1920_600.jpg\" alt=\"\" title=\"Rhodo_1920_600.jpg\"><\/noscript><\/sr7-bg>\n\t\t\t\t\t\t\t<sr7-txt id=\"SR7_3_1-11-0\" class=\"sr7-layer\">D\u00e9couvrez la flore alpine pr\u00e8s du Chalet Montriond<\/sr7-txt>\n\t\t\t\t\t\t<\/sr7-slide>\n\t\t\t\t\t\t<sr7-slide id=\"SR7_3_1-12\" data-key=\"12\">\n\t\t\t\t\t\t\t<sr7-bg id=\"SR7_3_1-12-5\" class=\"sr7-layer\"><noscript><img decoding=\"async\" src=\"https:\/\/dev.refugelechaudron-champery.ch\/wp-content\/uploads\/revslider\/ete-24\/Buvette_1_1920_600.png\" alt=\"\" title=\"Buvette_1_1920_600.png\"><\/noscript><\/sr7-bg>\n\t\t\t\t\t\t\t<sr7-txt id=\"SR7_3_1-12-0\" class=\"sr7-layer\">Nos buvettes d'alpage vous attendent<\/sr7-txt>\n\t\t\t\t\t\t<\/sr7-slide>\n\t\t\t\t\t\t<sr7-slide id=\"SR7_3_1-14\" data-key=\"14\">\n\t\t\t\t\t\t\t<sr7-bg id=\"SR7_3_1-14-5\" class=\"sr7-layer\"><noscript><img decoding=\"async\" src=\"https:\/\/dev.refugelechaudron-champery.ch\/wp-content\/uploads\/revslider\/ete-24\/Vache_1920_600.jpg\" alt=\"\" title=\"Vache_1920_600.jpg\"><\/noscript><\/sr7-bg>\n\t\t\t\t\t\t\t<sr7-txt id=\"SR7_3_1-14-0\" class=\"sr7-layer\">D\u00e9couvrez nos stars locales pr\u00e8s du Chalet Montriond<\/sr7-txt>\n\t\t\t\t\t\t<\/sr7-slide>\n\t\t\t\t\t\t<sr7-slide id=\"SR7_3_1-15\" data-key=\"15\">\n\t\t\t\t\t\t\t<sr7-bg id=\"SR7_3_1-15-5\" class=\"sr7-layer\"><noscript><img decoding=\"async\" src=\"https:\/\/dev.refugelechaudron-champery.ch\/wp-content\/uploads\/2016\/10\/Derborence_2_1920_600.png\" alt=\"\" title=\"Derborence_2_1920_600\"><\/noscript><\/sr7-bg>\n\t\t\t\t\t\t\t<sr7-txt id=\"SR7_3_1-15-0\" class=\"sr7-layer\">Derborence et son histoire racont\u00e9e par Ramuz<\/sr7-txt>\n\t\t\t\t\t\t<\/sr7-slide>\n\t\t\t\t\t\t<sr7-slide id=\"SR7_3_1-17\" data-key=\"17\">\n\t\t\t\t\t\t\t<sr7-bg id=\"SR7_3_1-17-5\" class=\"sr7-layer\"><noscript><img decoding=\"async\" src=\"https:\/\/dev.refugelechaudron-champery.ch\/wp-content\/uploads\/revslider\/ete-24\/Rando1_1920_600.png\" alt=\"\" title=\"Rando1_1920_600.png\"><\/noscript><\/sr7-bg>\n\t\t\t\t\t\t\t<sr7-txt id=\"SR7_3_1-17-0\" class=\"sr7-layer\">Toute l'\u00e9quipe du Chalet Montriond se r\u00e9jouis de vous recevoir.<\/sr7-txt>\n\t\t\t\t\t\t\t<sr7-txt id=\"SR7_3_1-17-2\" class=\"sr7-layer\">Nature, sport et s\u00e9r\u00e9nit\u00e9 au coeur des Alpes<\/sr7-txt>\n\t\t\t\t\t\t<\/sr7-slide>\n\t\t\t\t\t\t<sr7-slide id=\"SR7_3_1-20\" data-key=\"20\">\n\t\t\t\t\t\t<\/sr7-slide>\n\t\t\t\t\t<\/sr7-content>\n\t\t\t\t\t<image_lists style=\"display:none\">\n\t\t\t\t\t\t<img data-src=\"\/\/dev.refugelechaudron-champery.ch\/wp-content\/uploads\/revslider\/ete-24\/Flag_of_Switzerland_Pantone.svg_-300x300.png\" data-libid=\"32789\" title=\"Flag_of_Switzerland_Pantone.svg_-300&#215;300.png\" width=\"0\" height=\"0\" data-dbsrc=\"Ly9kZXYucmVmdWdlbGVjaGF1ZHJvbi1jaGFtcGVyeS5jaC93cC1jb250ZW50L3VwbG9hZHMvcmV2c2xpZGVyL2V0ZS0yNC9GbGFnX29mX1N3aXR6ZXJsYW5kX1BhbnRvbmUuc3ZnXy0zMDB4MzAwLnBuZw==\"\/>\n\t\t\t\t\t\t<img data-src=\"\/\/dev.refugelechaudron-champery.ch\/wp-content\/uploads\/2016\/10\/Tanay_1920_600.png\" data-libid=\"33811\" data-lib=\"medialibrary\" title=\"Tanay_1920_600\" width=\"0\" height=\"0\" data-dbsrc=\"Ly9kZXYucmVmdWdlbGVjaGF1ZHJvbi1jaGFtcGVyeS5jaC93cC1jb250ZW50L3VwbG9hZHMvMjAxNi8xMC9UYW5heV8xOTIwXzYwMC5wbmc=\"\/>\n\t\t\t\t\t\t<img data-src=\"\/\/dev.refugelechaudron-champery.ch\/wp-content\/uploads\/revslider\/ete-24\/Flag_of_Switzerland_Pantone.svg_-300x300.png\" data-libid=\"32789\" title=\"Flag_of_Switzerland_Pantone.svg_-300&#215;300.png\" width=\"0\" height=\"0\" data-dbsrc=\"Ly9kZXYucmVmdWdlbGVjaGF1ZHJvbi1jaGFtcGVyeS5jaC93cC1jb250ZW50L3VwbG9hZHMvcmV2c2xpZGVyL2V0ZS0yNC9GbGFnX29mX1N3aXR6ZXJsYW5kX1BhbnRvbmUuc3ZnXy0zMDB4MzAwLnBuZw==\"\/>\n\t\t\t\t\t\t<img data-src=\"\/\/dev.refugelechaudron-champery.ch\/wp-content\/uploads\/2016\/10\/Glacier_1920_600.png\" data-libid=\"33814\" data-lib=\"medialibrary\" title=\"Glacier_1920_600\" width=\"0\" height=\"0\" data-dbsrc=\"Ly9kZXYucmVmdWdlbGVjaGF1ZHJvbi1jaGFtcGVyeS5jaC93cC1jb250ZW50L3VwbG9hZHMvMjAxNi8xMC9HbGFjaWVyXzE5MjBfNjAwLnBuZw==\"\/>\n\t\t\t\t\t\t<img data-src=\"\/\/dev.refugelechaudron-champery.ch\/wp-content\/uploads\/revslider\/ete-24\/Flag_of_Switzerland_Pantone.svg_-300x300.png\" data-libid=\"32789\" title=\"Flag_of_Switzerland_Pantone.svg_-300&#215;300.png\" width=\"0\" height=\"0\" data-dbsrc=\"Ly9kZXYucmVmdWdlbGVjaGF1ZHJvbi1jaGFtcGVyeS5jaC93cC1jb250ZW50L3VwbG9hZHMvcmV2c2xpZGVyL2V0ZS0yNC9GbGFnX29mX1N3aXR6ZXJsYW5kX1BhbnRvbmUuc3ZnXy0zMDB4MzAwLnBuZw==\"\/>\n\t\t\t\t\t\t<img data-src=\"\/\/dev.refugelechaudron-champery.ch\/wp-content\/uploads\/revslider\/ete-24\/Dents_du_Midi.jpg\" data-libid=\"32801\" data-lib=\"medialibrary\" title=\"Dents_du_Midi.jpg\" width=\"0\" height=\"0\" data-dbsrc=\"Ly9kZXYucmVmdWdlbGVjaGF1ZHJvbi1jaGFtcGVyeS5jaC93cC1jb250ZW50L3VwbG9hZHMvcmV2c2xpZGVyL2V0ZS0yNC9EZW50c19kdV9NaWRpLmpwZw==\"\/>\n\t\t\t\t\t\t<img data-src=\"\/\/dev.refugelechaudron-champery.ch\/wp-content\/uploads\/revslider\/ete-24\/Flag_of_Switzerland_Pantone.svg_-300x300.png\" data-libid=\"32789\" title=\"Flag_of_Switzerland_Pantone.svg_-300&#215;300.png\" width=\"0\" height=\"0\" data-dbsrc=\"Ly9kZXYucmVmdWdlbGVjaGF1ZHJvbi1jaGFtcGVyeS5jaC93cC1jb250ZW50L3VwbG9hZHMvcmV2c2xpZGVyL2V0ZS0yNC9GbGFnX29mX1N3aXR6ZXJsYW5kX1BhbnRvbmUuc3ZnXy0zMDB4MzAwLnBuZw==\"\/>\n\t\t\t\t\t\t<img data-src=\"\/\/dev.refugelechaudron-champery.ch\/wp-content\/uploads\/2016\/10\/Marmotte_2_1920_600.png\" data-libid=\"33817\" data-lib=\"medialibrary\" title=\"Marmotte_2_1920_600\" width=\"0\" height=\"0\" data-dbsrc=\"Ly9kZXYucmVmdWdlbGVjaGF1ZHJvbi1jaGFtcGVyeS5jaC93cC1jb250ZW50L3VwbG9hZHMvMjAxNi8xMC9NYXJtb3R0ZV8yXzE5MjBfNjAwLnBuZw==\"\/>\n\t\t\t\t\t\t<img data-src=\"\/\/dev.refugelechaudron-champery.ch\/wp-content\/uploads\/revslider\/ete-24\/Flag_of_Switzerland_Pantone.svg_-300x300.png\" data-libid=\"32789\" title=\"Flag_of_Switzerland_Pantone.svg_-300&#215;300.png\" width=\"0\" height=\"0\" data-dbsrc=\"Ly9kZXYucmVmdWdlbGVjaGF1ZHJvbi1jaGFtcGVyeS5jaC93cC1jb250ZW50L3VwbG9hZHMvcmV2c2xpZGVyL2V0ZS0yNC9GbGFnX29mX1N3aXR6ZXJsYW5kX1BhbnRvbmUuc3ZnXy0zMDB4MzAwLnBuZw==\"\/>\n\t\t\t\t\t\t<img data-src=\"\/\/dev.refugelechaudron-champery.ch\/wp-content\/uploads\/revslider\/ete-24\/Rhodo_1920_600.jpg\" data-libid=\"32810\" data-lib=\"medialibrary\" title=\"Rhodo_1920_600.jpg\" width=\"0\" height=\"0\" data-dbsrc=\"Ly9kZXYucmVmdWdlbGVjaGF1ZHJvbi1jaGFtcGVyeS5jaC93cC1jb250ZW50L3VwbG9hZHMvcmV2c2xpZGVyL2V0ZS0yNC9SaG9kb18xOTIwXzYwMC5qcGc=\"\/>\n\t\t\t\t\t\t<img data-src=\"\/\/dev.refugelechaudron-champery.ch\/wp-content\/uploads\/revslider\/ete-24\/Flag_of_Switzerland_Pantone.svg_-300x300.png\" data-libid=\"32789\" title=\"Flag_of_Switzerland_Pantone.svg_-300&#215;300.png\" width=\"0\" height=\"0\" data-dbsrc=\"Ly9kZXYucmVmdWdlbGVjaGF1ZHJvbi1jaGFtcGVyeS5jaC93cC1jb250ZW50L3VwbG9hZHMvcmV2c2xpZGVyL2V0ZS0yNC9GbGFnX29mX1N3aXR6ZXJsYW5kX1BhbnRvbmUuc3ZnXy0zMDB4MzAwLnBuZw==\"\/>\n\t\t\t\t\t\t<img data-src=\"\/\/dev.refugelechaudron-champery.ch\/wp-content\/uploads\/revslider\/ete-24\/Buvette_1_1920_600.png\" data-libid=\"32813\" data-lib=\"medialibrary\" title=\"Buvette_1_1920_600.png\" width=\"0\" height=\"0\" data-dbsrc=\"Ly9kZXYucmVmdWdlbGVjaGF1ZHJvbi1jaGFtcGVyeS5jaC93cC1jb250ZW50L3VwbG9hZHMvcmV2c2xpZGVyL2V0ZS0yNC9CdXZldHRlXzFfMTkyMF82MDAucG5n\"\/>\n\t\t\t\t\t\t<img data-src=\"\/\/dev.refugelechaudron-champery.ch\/wp-content\/uploads\/revslider\/ete-24\/Flag_of_Switzerland_Pantone.svg_-300x300.png\" data-libid=\"32789\" title=\"Flag_of_Switzerland_Pantone.svg_-300&#215;300.png\" width=\"0\" height=\"0\" data-dbsrc=\"Ly9kZXYucmVmdWdlbGVjaGF1ZHJvbi1jaGFtcGVyeS5jaC93cC1jb250ZW50L3VwbG9hZHMvcmV2c2xpZGVyL2V0ZS0yNC9GbGFnX29mX1N3aXR6ZXJsYW5kX1BhbnRvbmUuc3ZnXy0zMDB4MzAwLnBuZw==\"\/>\n\t\t\t\t\t\t<img data-src=\"\/\/dev.refugelechaudron-champery.ch\/wp-content\/uploads\/revslider\/ete-24\/Vache_1920_600.jpg\" data-libid=\"32819\" data-lib=\"medialibrary\" title=\"Vache_1920_600.jpg\" width=\"0\" height=\"0\" data-dbsrc=\"Ly9kZXYucmVmdWdlbGVjaGF1ZHJvbi1jaGFtcGVyeS5jaC93cC1jb250ZW50L3VwbG9hZHMvcmV2c2xpZGVyL2V0ZS0yNC9WYWNoZV8xOTIwXzYwMC5qcGc=\"\/>\n\t\t\t\t\t\t<img data-src=\"\/\/dev.refugelechaudron-champery.ch\/wp-content\/uploads\/revslider\/ete-24\/Flag_of_Switzerland_Pantone.svg_-300x300.png\" data-libid=\"32789\" title=\"Flag_of_Switzerland_Pantone.svg_-300&#215;300.png\" width=\"0\" height=\"0\" data-dbsrc=\"Ly9kZXYucmVmdWdlbGVjaGF1ZHJvbi1jaGFtcGVyeS5jaC93cC1jb250ZW50L3VwbG9hZHMvcmV2c2xpZGVyL2V0ZS0yNC9GbGFnX29mX1N3aXR6ZXJsYW5kX1BhbnRvbmUuc3ZnXy0zMDB4MzAwLnBuZw==\"\/>\n\t\t\t\t\t\t<img data-src=\"\/\/dev.refugelechaudron-champery.ch\/wp-content\/uploads\/2016\/10\/Derborence_2_1920_600.png\" data-libid=\"33820\" data-lib=\"medialibrary\" title=\"Derborence_2_1920_600\" width=\"0\" height=\"0\" data-dbsrc=\"Ly9kZXYucmVmdWdlbGVjaGF1ZHJvbi1jaGFtcGVyeS5jaC93cC1jb250ZW50L3VwbG9hZHMvMjAxNi8xMC9EZXJib3JlbmNlXzJfMTkyMF82MDAucG5n\"\/>\n\t\t\t\t\t\t<img data-src=\"\/\/dev.refugelechaudron-champery.ch\/wp-content\/uploads\/revslider\/ete-24\/Flag_of_Switzerland_Pantone.svg_-300x300.png\" data-libid=\"32789\" title=\"Flag_of_Switzerland_Pantone.svg_-300&#215;300.png\" width=\"0\" height=\"0\" data-dbsrc=\"Ly9kZXYucmVmdWdlbGVjaGF1ZHJvbi1jaGFtcGVyeS5jaC93cC1jb250ZW50L3VwbG9hZHMvcmV2c2xpZGVyL2V0ZS0yNC9GbGFnX29mX1N3aXR6ZXJsYW5kX1BhbnRvbmUuc3ZnXy0zMDB4MzAwLnBuZw==\"\/>\n\t\t\t\t\t\t<img data-src=\"\/\/dev.refugelechaudron-champery.ch\/wp-content\/uploads\/revslider\/ete-24\/Rando1_1920_600.png\" data-libid=\"32828\" data-lib=\"medialibrary\" title=\"Rando1_1920_600.png\" width=\"0\" height=\"0\" data-dbsrc=\"Ly9kZXYucmVmdWdlbGVjaGF1ZHJvbi1jaGFtcGVyeS5jaC93cC1jb250ZW50L3VwbG9hZHMvcmV2c2xpZGVyL2V0ZS0yNC9SYW5kbzFfMTkyMF82MDAucG5n\"\/>\n\t\t\t\t\t<\/image_lists>\n\t\t\t\t<\/sr7-module>\n\t\t\t\t<script>\n\t\t\t\t\tSR7.PMH ??={}; SR7.PMH[\"SR7_3_1\"] = {cn:0,state:false,fn: function() { if (_tpt!==undefined && _tpt.prepareModuleHeight !== undefined) {  _tpt.prepareModuleHeight({id:\"SR7_3_1\",el:[600,600,768,960,500],type:'standard',shdw:'0',gh:[600,600,768,960,500],gw:[1920,1920,1024,778,480],vpt:['-200px&#039;,&#039;-200px&#039;,&#039;-200px&#039;,&#039;-200px&#039;,&#039;-200px'],size:{fullWidth:true, fullHeight:false},mh:'0',onh:0,onw:0,bg:{color:'{\"orig\":\"transparent\",\"type\":\"solid\",\"string\":\"transparent\"}'}});   SR7.PMH[\"SR7_3_1\"].state=true;} else if((SR7.PMH[\"SR7_3_1\"].cn++)<100)\tsetTimeout( SR7.PMH[\"SR7_3_1\"].fn,19);}};SR7.PMH[\"SR7_3_1\" ].fn();\n\t\t\t\t<\/script>\n[vc_empty_space]<div class=\"thim-widget-heading template-default\"><div class=\"thim-sc-heading\" >\n\t\t<div class=\"article_heading \">\n\t\t\t\n\t\t\t<p class=\"heading_primary\"  >Vivez l'exp\u00e9rience des Portes du Soleil<\/p>\n\t\t\t\n\t\t\t\n\t\t<\/div>\n\t<\/div><\/div>[\/vc_column][\/vc_row][vc_row][vc_column width=&#8221;1\/2&#8243;][vc_empty_space][vc_column_text css=&#8221;.vc_custom_1721125624150{margin-top: 32px !important;}&#8221;]<\/p>\n<h3>Discover Summer at the Portes du Soleil! \ud83c\udf1e<\/h3>\n<p>Welcome to the Portes du Soleil, a summer paradise for nature lovers, sports enthusiasts and relaxation seekers! Located in an enchanting setting between France and Switzerland, our estate offers an unforgettable experience with breathtaking scenery and a multitude of activities for the whole family.<\/p>\n<h4>\ud83c\udf32 Explore Magnificent Trails<\/h4>\n<p>With <strong>400 km of signposted trails<\/strong>, enjoy exceptional walks in the heart of nature. Whether you&#8217;re a beginner or an experienced hiker, our routes promise spectacular views and moments of absolute tranquillity.<\/p>\n<h4>\ud83d\udeb5\u200d\u2642\ufe0f Mountain bike adventure<\/h4>\n<p>For cycling enthusiasts, discover <strong>650 km of mountain bike trails<\/strong>. From adrenalin-fuelled descents to more leisurely rides, there&#8217;s something for everyone. And to make the experience even more special, try our <strong>free 1\/2-day electric mountain bike<\/strong>!<\/p>\n<h4>\ud83c\udf89 Activities For All<\/h4>\n<p>Don&#8217;t miss our <strong>70 free activities<\/strong>! From paragliding and paddleboarding to creative workshops and children&#8217;s games, there&#8217;s always something to do to have fun and relax.<\/p>\n<h4>\ud83c\udfe1 Accommodation Special Offer<\/h4>\n<p>Take advantage of our <strong>special offer<\/strong>:<\/p>\n<ul>\n<li><strong>2 nights&#8217; half-board<\/strong><\/li>\n<li><strong>Free Multipass<\/strong> for access to 70 activities and all forms of transport<\/li>\n<li><strong>Free use of<\/strong> our saunas and relaxation room<\/li>\n<li><strong>1\/2 day of free electric mountain biking<\/strong><\/li>\n<\/ul>\n<p>All this from just <strong>399 CHF<\/strong>!<\/p>\n<h4>\ud83d\udcc5 Book Now!<\/h4>\n<p>The offer is valid until September 15, so don&#8217;t wait any longer to book your stay and enjoy a memorable summer adventure at Portes du Soleil.[\/vc_column_text][\/vc_column][vc_column width=&#8221;1\/2&#8243;][vc_empty_space][vc_images_carousel images=&#8221;34233,34236,34239,34242,34245,34248&#8243; img_size=&#8221;full&#8221; onclick=&#8221;custom_link&#8221; speed=&#8221;3000&#8243; autoplay=&#8221;yes&#8221; hide_prev_next_buttons=&#8221;yes&#8221; wrap=&#8221;yes&#8221; css=&#8221;&#8221; custom_links=&#8221;#E-8_aHR0cHMlM0ElMkYlMkZpYmUuc2FiZWVhcHAuY29tJTJGcHJvcGVydGllcyUyRkNoYWxldC1Nb250cmlvbmQtciUyNUMzJTI1QTlzZXJ2YXRpb24lMkYlM0ZwJTNEYlNwNmI5MzM0YWVlYWM2YzQyZSUzRDE1LTA4LTIwMjQlM0QxNy0wOC0yMDI0JTNEZnI=&#8221;][vc_empty_space][vc_btn title=&#8221;Direct booking&#8221; color=&#8221;peacoc&#8221; align=&#8221;center&#8221; css=&#8221;&#8221; link=&#8221;url:https%3A%2F%2Fibe.sabeeapp.com%2Fproperties%2FChalet-Montriond-r%25C3%25A9servation%2F%3Fp%3DbSp6b9334aeeac6c42e%3D15-08-2024%3D17-08-2024%3Dfr|&#8221;][vc_empty_space][\/vc_column][\/vc_row][vc_row][vc_column]<div class=\"thim-widget-heading template-default\"><div class=\"thim-sc-heading\" >\n\t\t<div class=\"article_heading \">\n\t\t\t\n\t\t\t<p class=\"heading_primary\"  >Vos avantages<\/p>\n\t\t\t\n\t\t\t\n\t\t<\/div>\n\t<\/div><\/div>[vc_empty_space][\/vc_column][\/vc_row][vc_row][vc_column width=&#8221;1\/3&#8243;][vc_icon icon_fontawesome=&#8221;fa fa-wifi&#8221; color=&#8221;peacoc&#8221; align=&#8221;center&#8221;][vc_column_text]<\/p>\n<p style=\"text-align: center;\">Free Wi-Fi throughout the facility<\/p>\n<p>[\/vc_column_text][vc_empty_space][\/vc_column][vc_column width=&#8221;1\/3&#8243;][vc_icon type=&#8221;material&#8221; icon_material=&#8221;vc-material vc-material-ac_unit&#8221; color=&#8221;peacoc&#8221; align=&#8221;center&#8221;][vc_column_text css=&#8221;&#8221;]<\/p>\n<p style=\"text-align: center;\">In the middle of the Portes du Soleil (one of Europe&#8217;s largest alpine ski areas)<\/p>\n<p>[\/vc_column_text][vc_empty_space][\/vc_column][vc_column width=&#8221;1\/3&#8243;][vc_icon type=&#8221;material&#8221; icon_material=&#8221;vc-material vc-material-restaurant_menu&#8221; color=&#8221;peacoc&#8221; align=&#8221;center&#8221;][vc_column_text]<\/p>\n<p style=\"text-align: center;\">On-site catering<\/p>\n<p>[\/vc_column_text][vc_empty_space][\/vc_column][\/vc_row][vc_row][vc_column width=&#8221;1\/3&#8243;][vc_icon type=&#8221;typicons&#8221; icon_typicons=&#8221;typcn typcn-thermometer&#8221; color=&#8221;peacoc&#8221; align=&#8221;center&#8221;][vc_column_text]<\/p>\n<p style=\"text-align: center;\">View<\/p>\n<p>[\/vc_column_text][\/vc_column][vc_column width=&#8221;1\/3&#8243;][vc_icon icon_fontawesome=&#8221;fa fa-tree&#8221; color=&#8221;peacoc&#8221; align=&#8221;center&#8221;][vc_column_text]<\/p>\n<p style=\"text-align: center;\">in the heart of nature<\/p>\n<p>[\/vc_column_text][\/vc_column][vc_column width=&#8221;1\/3&#8243;][vc_icon type=&#8221;material&#8221; icon_material=&#8221;vc-material vc-material-time_to_leave&#8221; color=&#8221;peacoc&#8221; align=&#8221;center&#8221;][vc_column_text]<\/p>\n<p style=\"text-align: center;\">Parking<\/p>\n<p>[\/vc_column_text][\/vc_column][\/vc_row]<\/p>\n<\/div>","protected":false},"excerpt":{"rendered":"<p>[vc_row][vc_column][vc_empty_space][\/vc_column][\/vc_row][vc_row][vc_column width=&#8221;1\/2&#8243;][vc_empty_space][vc_column_text css=&#8221;.vc_custom_1721125624150{margin-top: 32px !important;}&#8221;] Discover Summer at the Portes du Soleil! \ud83c\udf1e Welcome to the Portes du Soleil, a summer paradise for nature lovers, sports enthusiasts and relaxation seekers! Located in an enchanting setting between France and Switzerland, our estate offers an unforgettable experience with breathtaking scenery and a&#8230;<\/p>\n","protected":false},"author":1,"featured_media":0,"parent":0,"menu_order":0,"comment_status":"closed","ping_status":"closed","template":"templates\/home-page.php","meta":{"footnotes":""},"class_list":["post-34227","page","type-page","status-publish","hentry"],"_links":{"self":[{"href":"https:\/\/dev.refugelechaudron-champery.ch\/en\/wp-json\/wp\/v2\/pages\/34227","targetHints":{"allow":["GET"]}}],"collection":[{"href":"https:\/\/dev.refugelechaudron-champery.ch\/en\/wp-json\/wp\/v2\/pages"}],"about":[{"href":"https:\/\/dev.refugelechaudron-champery.ch\/en\/wp-json\/wp\/v2\/types\/page"}],"author":[{"embeddable":true,"href":"https:\/\/dev.refugelechaudron-champery.ch\/en\/wp-json\/wp\/v2\/users\/1"}],"replies":[{"embeddable":true,"href":"https:\/\/dev.refugelechaudron-champery.ch\/en\/wp-json\/wp\/v2\/comments?post=34227"}],"version-history":[{"count":5,"href":"https:\/\/dev.refugelechaudron-champery.ch\/en\/wp-json\/wp\/v2\/pages\/34227\/revisions"}],"predecessor-version":[{"id":34375,"href":"https:\/\/dev.refugelechaudron-champery.ch\/en\/wp-json\/wp\/v2\/pages\/34227\/revisions\/34375"}],"wp:attachment":[{"href":"https:\/\/dev.refugelechaudron-champery.ch\/en\/wp-json\/wp\/v2\/media?parent=34227"}],"curies":[{"name":"wp","href":"https:\/\/api.w.org\/{rel}","templated":true}]}}